{"id":18698,"date":"2026-02-16T14:48:37","date_gmt":"2026-02-16T13:48:37","guid":{"rendered":"https:\/\/www.arnoldbottag.ch\/?page_id=18698"},"modified":"2026-02-16T14:48:37","modified_gmt":"2026-02-16T13:48:37","slug":"equipe","status":"publish","type":"page","link":"https:\/\/www.arnoldbottag.ch\/fr\/equipe\/","title":{"rendered":"\u00c9quipe"},"content":{"rendered":"<div id=\"initial-content-section\" class=\"content-section content-section-spacing\" data-id=\"initial-content-section\" data-export-id=\"initial-content-section\" data-label=\"Initial Content\">\r\n<div class=\"gridContainer\">\r\n<div class=\"row\">\r\n<div class=\"col-xs-12 col-sm-12\">\r\n\r\nComme distributeur ind\u00e9pendant, nous sommes \u00e0 m\u00eame de vous proposer des conseils neutres. Nous avons pour objectif de vous permettre de choisir exactement les produits qui vous seront les plus utiles. N\u2019h\u00e9sitez pas \u00e0 nous contacter. Nous vous informerons et vous conseillerons volontiers sur nos produits.\r\n<div class=\"wp-block-spacer\" style=\"height: 70px;\" aria-hidden=\"true\"><\/div>\r\n<div class=\"wp-block-columns is-layout-flex wp-container-core-columns-is-layout-9d6595d7 wp-block-columns-is-layout-flex\">\r\n<div class=\"wp-block-column is-vertically-aligned-top spalte-bild is-layout-flow wp-block-column-is-layout-flow\" style=\"flex-basis: 100%;\">\r\n<figure class=\"wp-block-image size-full is-style-default\"><img decoding=\"async\" class=\"wp-image-17687\" title=\"cropped-cropped-Team_02.26_evwe.jpg\" src=\"https:\/\/www.arnoldbottag.ch\/wp-content\/uploads\/2026\/02\/cropped-cropped-Team_02.26_evwe.jpg\" sizes=\"(max-width: 500px) 100vw, 500px\" alt=\"\"><\/figure>\r\n<\/div>\r\n<div class=\"wp-block-column is-vertically-aligned-top is-layout-flow wp-block-column-is-layout-flow\" style=\"flex-basis: 100%;\">\r\n<p class=\"note has-text-color has-small-font-size\" style=\"color: #6b7c93;\" data-lt-tmp-id=\"lt-863986\" data-gramm=\"false\">(de gauche \u00e0 droite)<\/p>\r\n\r\n<h4 class=\"wp-block-heading has-text-color\" style=\"color: #c83742;\">Bernhard Ertel (directeur \/ conformit\u00e9)<\/h4>\r\nBernhard a plus de 25 ans exp\u00e9rience dans le secteur des technologies m\u00e9dicales et les domaines apparent\u00e9s. Du fait de sa longue exp\u00e9rience de chef de produit, de chef de projet et de directeur, il est en charge des services commerciaux et des relations intenses avec les fournisseurs. Son action au quotidien est toujours centr\u00e9e sur les clients d\u2019Arnold Bott AG.\r\n\r\n<hr class=\"wp-block-separator has-alpha-channel-opacity\">\r\n<p class=\"note has-small-font-size\">Courrier \u00e9lectronique : <a title=\"\" href=\"mailto:bernhard.ertel@arnoldbottag.ch\">bernhard.ertel@arnoldbottag.ch<\/a><\/p>\r\n\r\n<div class=\"wp-block-spacer\" style=\"height: 30px;\" aria-hidden=\"true\"><\/div>\r\n<h4 class=\"wp-block-heading has-text-color\" style=\"color: #c83742;\">Andrea Egg (responsable division H\u00f4pital)<\/h4>\r\nAndrea est l\u2019interface entre nos clients et les fournisseurs. Forte de 20 ans d\u2019exp\u00e9rience dans le domaine des instruments de chirurgie, elle traite toutes les demandes concernant nos produits. Polyvalente, elle est en outre responsable de notre grand service de r\u00e9paration.\r\n\r\n<hr class=\"wp-block-separator has-alpha-channel-opacity\">\r\n<p class=\"note has-small-font-size\">Courrier \u00e9lectronique : <a title=\"\" href=\"mailto:andrea.egg@arnoldbottag.ch\">andrea.egg@arnoldbottag.ch<\/a><\/p>\r\n\r\n\r\n<\/div>\r\n<\/div>\r\n<\/div>\r\n<\/div>\r\n<\/div>\r\n<\/div>","protected":false},"excerpt":{"rendered":"<p>Comme distributeur ind\u00e9pendant, nous sommes \u00e0 m\u00eame de vous proposer des conseils neutres. Nous avons pour objectif de vous permettre de choisir exactement les produits qui vous seront les plus utiles. N\u2019h\u00e9sitez pas \u00e0 nous contacter. Nous vous informerons et vous conseillerons volontiers sur nos produits. (de gauche \u00e0 droite) Bernhard Ertel (directeur \/ conformit\u00e9)&hellip; <br \/> <a class=\"read-more\" href=\"https:\/\/www.arnoldbottag.ch\/fr\/equipe\/\">Lire la suite<\/a><\/p>\n","protected":false},"author":1,"featured_media":0,"parent":0,"menu_order":0,"comment_status":"closed","ping_status":"closed","template":"","meta":{"footnotes":""},"class_list":["post-18698","page","type-page","status-publish","hentry"],"aioseo_notices":[],"_links":{"self":[{"href":"https:\/\/www.arnoldbottag.ch\/fr\/wp-json\/wp\/v2\/pages\/18698","targetHints":{"allow":["GET"]}}],"collection":[{"href":"https:\/\/www.arnoldbottag.ch\/fr\/wp-json\/wp\/v2\/pages"}],"about":[{"href":"https:\/\/www.arnoldbottag.ch\/fr\/wp-json\/wp\/v2\/types\/page"}],"author":[{"embeddable":true,"href":"https:\/\/www.arnoldbottag.ch\/fr\/wp-json\/wp\/v2\/users\/1"}],"replies":[{"embeddable":true,"href":"https:\/\/www.arnoldbottag.ch\/fr\/wp-json\/wp\/v2\/comments?post=18698"}],"version-history":[{"count":1,"href":"https:\/\/www.arnoldbottag.ch\/fr\/wp-json\/wp\/v2\/pages\/18698\/revisions"}],"predecessor-version":[{"id":18699,"href":"https:\/\/www.arnoldbottag.ch\/fr\/wp-json\/wp\/v2\/pages\/18698\/revisions\/18699"}],"wp:attachment":[{"href":"https:\/\/www.arnoldbottag.ch\/fr\/wp-json\/wp\/v2\/media?parent=18698"}],"curies":[{"name":"wp","href":"https:\/\/api.w.org\/{rel}","templated":true}]}}