{"id":16273,"date":"2021-09-30T09:36:49","date_gmt":"2021-09-30T07:36:49","guid":{"rendered":"https:\/\/www.arnoldbottag.ch\/produits\/"},"modified":"2025-08-29T14:51:33","modified_gmt":"2025-08-29T12:51:33","slug":"produits","status":"publish","type":"page","link":"https:\/\/www.arnoldbottag.ch\/fr\/produits\/","title":{"rendered":"Produits"},"content":{"rendered":"<div id=\"portfolio-1\" class=\"portfolio-5 content-section content-section-spacing\" style=\"background-color: #ffffff; background-image: none;\" data-label=\"Portfolio\" data-id=\"portfolio--1\" data-export-id=\"portfolio-5\" data-category=\"portfolio\">\n<div class=\"gridContainer\">\n<div class=\"row text-center\">\n<div class=\"section-title-col\" data-type=\"column\">\n<p class=\"lead\">Nous vous proposons une gamme compl\u00e8te d\u2019instruments chirurgicaux pour toutes les sp\u00e9cialit\u00e9s, des outils de diagnostic haut de gamme, du mobilier fonctionnel, des produits pour la st\u00e9rilisation centrale ainsi que de nombreux articles pour l\u2019ensemble du bloc op\u00e9ratoire. D\u00e9couvrez et commandez tous ces produits et bien d\u2019autres encore \u00e0 tout moment dans notre <span style=\"font-weight: bold; color: #dc4b56;\"><a class=\"\" href=\"https:\/\/shop.arnoldbottag.ch\/fr\" target=\"_blank\" rel=\"noopener\" data-cp-link=\"1\"><span style=\"color: #c83742;\">shop en ligne<\/span><\/a><\/span>.<\/p>\n<\/div>\n<\/div>\n<div class=\"row space-bottom spaced-cols\" data-type=\"row\">\n<div class=\"col-xs-12 col-sm-4 text-center\">\n<div class=\"card no-padding bordered\">\n<div class=\"contentswap-effect\" data-hover-fx=\"portfolio-6\">\n<div class=\"initial-image\"><img decoding=\"async\" src=\"https:\/\/arnoldbottag.ch\/wp-content\/uploads\/2021\/09\/tn_scheren_anim.jpeg\" data-size=\"500x333\" \/><\/div>\n<div class=\"overlay bg-color6\">\u00a0<\/div>\n<div class=\"swap-inner col-xs-12\">\n<div class=\"row full-height-row middle-xs middle-sm\">\n<div class=\"col-xs-12 text-center content-holder\"><a class=\"button small color1\" href=\"https:\/\/shop.arnoldbottag.ch\/fr\/products\/instruments-608\" target=\"_blank\" rel=\"noopener\" data-cp-link=\"1\" data-icon=\"\">Vers le shop<\/a><\/div>\n<\/div>\n<\/div>\n<\/div>\n<div class=\"col-xs-12\">\n<div class=\"space-bottom space-top\" data-type=\"column\">\n<h3 class=\"\"><a class=\"\" href=\"https:\/\/shop.arnoldbottag.ch\/fr\/products\/instruments-608\" target=\"_blank\" rel=\"noopener\" data-cp-link=\"1\"><span style=\"color: #ffffff; font-weight: 500;\">Instruments de chirurgie<\/span><\/a><\/h3>\n<p class=\"\"><span style=\"font-weight: 300;\">Dans cette cat\u00e9gorie, vous trouverez des instruments standard tels que des pinces, des pinces \u00e0 clamper et des ciseaux r\u00e9utilisables, mais aussi divers instruments de chirurgie pour le bloc op\u00e9ratoire<\/span><\/p>\n<\/div>\n<\/div>\n<\/div>\n<\/div>\n<div class=\"col-xs-12 col-sm-4 text-center\">\n<div class=\"card no-padding bordered\">\n<div class=\"contentswap-effect\" data-hover-fx=\"portfolio-6\">\n<div class=\"initial-image\"><img decoding=\"async\" src=\"https:\/\/arnoldbottag.ch\/wp-content\/uploads\/2022\/03\/OP_Bereich.jpg\" data-size=\"500x333\" \/><\/div>\n<div class=\"overlay bg-color6\">\u00a0<\/div>\n<div class=\"swap-inner col-xs-12\">\n<div class=\"row full-height-row middle-xs middle-sm\">\n<div class=\"col-xs-12 text-center content-holder\"><a class=\"button small color1\" href=\"https:\/\/shop.arnoldbottag.ch\/de\/products\/op-material-613\" target=\"_blank\" rel=\"noopener\" data-cp-link=\"1\" data-icon=\"\">Vers le shop<\/a><\/div>\n<\/div>\n<\/div>\n<\/div>\n<div class=\"col-xs-12\">\n<div class=\"space-bottom space-top\" data-type=\"column\">\n<h3 class=\"\"><a class=\"\" href=\"https:\/\/shop.arnoldbottag.ch\/fr\/products\/materiel-op-chirurgie-613\" target=\"_blank\" rel=\"noopener\" data-cp-link=\"1\"><span style=\"color: #ffffff; font-weight: 500;\">Chirurgie<\/span><\/a><\/h3>\n<p class=\"\"><span style=\"font-weight: 300;\">Nous proposons des dispositifs d\u2019\u00e9lectrochirurgie, des accessoires pour la chirurgie \u00e0 haute fr\u00e9quence, des pinces bipolaires et monopolaires ainsi que diff\u00e9rents mod\u00e8les de lampes.<\/span><\/p>\n<\/div>\n<\/div>\n<\/div>\n<\/div>\n<div class=\"col-xs-12 col-sm-4 text-center\">\n<div class=\"card no-padding bordered\">\n<div class=\"contentswap-effect\" data-hover-fx=\"portfolio-6\">\n<div class=\"initial-image\"><img decoding=\"async\" src=\"https:\/\/arnoldbottag.ch\/wp-content\/uploads\/2022\/03\/Uebersicht_Zentralsterilisation.jpg\" data-size=\"500x333\" \/><\/div>\n<div class=\"overlay bg-color6\">\u00a0<\/div>\n<div class=\"swap-inner col-xs-12\">\n<div class=\"row full-height-row middle-xs middle-sm\">\n<div class=\"col-xs-12 text-center content-holder\"><a class=\"button small color1\" href=\"https:\/\/shop.arnoldbottag.ch\/fr\/products\/sterilisation-622\" target=\"_blank\" rel=\"noopener\" data-cp-link=\"1\" data-icon=\"\">Vers le shop<\/a><\/div>\n<\/div>\n<\/div>\n<\/div>\n<div class=\"col-xs-12\">\n<div class=\"space-bottom space-top\" data-type=\"column\">\n<h3 class=\"\"><a class=\"\" href=\"https:\/\/shop.arnoldbottag.ch\/fr\/products\/sterilisation-622\" target=\"_blank\" rel=\"noopener\" data-cp-link=\"1\"><span style=\"color: #ffffff; font-weight: 500;\">St\u00e9rilisation centrale<\/span><\/a><\/h3>\n<p class=\"\"><span style=\"font-weight: 300;\">La d\u00e9sinfection, le nettoyage et l\u2019entretien font partie de vos attributions ? Vous trouverez ici des brosses, des \u00e9couvillons, des produits pour la protection des instruments, des nettoyeurs vapeur et des syst\u00e8mes de contenants avec de nombreux accessoires.<\/span><\/p>\n<\/div>\n<\/div>\n<\/div>\n<\/div>\n<div class=\"col-xs-12 col-sm-4 text-center\">\n<div class=\"card no-padding bordered\">\n<div class=\"contentswap-effect\" data-hover-fx=\"portfolio-6\">\n<div class=\"initial-image\"><img decoding=\"async\" src=\"https:\/\/arnoldbottag.ch\/wp-content\/uploads\/2022\/03\/Uebersicht_Diagnostik.jpg\" data-size=\"500x333\" \/><\/div>\n<div class=\"overlay bg-color6\">\u00a0<\/div>\n<div class=\"swap-inner col-xs-12\">\n<div class=\"row full-height-row middle-xs middle-sm\">\n<div class=\"col-xs-12 text-center content-holder\"><a class=\"button small color1\" href=\"https:\/\/shop.arnoldbottag.ch\/fr\/products\/diagnostic-601\" target=\"_blank\" rel=\"noopener\" data-cp-link=\"1\" data-icon=\"\">Vers le shop<\/a><\/div>\n<\/div>\n<\/div>\n<\/div>\n<div class=\"col-xs-12\">\n<div class=\"space-bottom space-top\" data-type=\"column\">\n<h3 class=\"\"><a class=\"\" href=\"https:\/\/shop.arnoldbottag.ch\/fr\/products\/diagnostic-601\" target=\"_blank\" rel=\"noopener\" data-cp-link=\"1\"><span style=\"font-family: Helvetica, Arial, sans-serif, arial, helvetica, sans-serif; font-weight: 500; color: #ffffff;\">Diagnostic<\/span><\/a><\/h3>\n<p class=\"\"><span style=\"font-weight: 300;\">Nous proposons les dispositifs de la soci\u00e9t\u00e9 HEINE Optotechnik, des lunettes pour recherche de nystagmus, des instruments d\u2019ORL et des p\u00e8se-personnes adapt\u00e9s \u00e0 tous les besoins.<\/span><\/p>\n<\/div>\n<\/div>\n<\/div>\n<\/div>\n<div class=\"col-xs-12 col-sm-4 text-center\">\n<div class=\"card no-padding bordered\">\n<div class=\"contentswap-effect\" data-hover-fx=\"portfolio-6\">\n<div class=\"initial-image\"><img decoding=\"async\" src=\"https:\/\/arnoldbottag.ch\/wp-content\/uploads\/2022\/03\/Kleinmobiliar_980_600.jpg\" data-size=\"500x333\" \/><\/div>\n<div class=\"overlay bg-color6\">\u00a0<\/div>\n<div class=\"swap-inner col-xs-12\">\n<div class=\"row full-height-row middle-xs middle-sm\">\n<div class=\"col-xs-12 text-center content-holder\"><a class=\"button small color1\" href=\"https:\/\/shop.arnoldbottag.ch\/fr\/products\/mobilier-170\" target=\"_blank\" rel=\"noopener\" data-cp-link=\"1\" data-icon=\"\">Vers le shop<\/a><\/div>\n<\/div>\n<\/div>\n<\/div>\n<div class=\"col-xs-12\">\n<div class=\"space-bottom space-top\" data-type=\"column\">\n<h3 class=\"\"><a class=\"\" href=\"https:\/\/shop.arnoldbottag.ch\/fr\/products\/mobilier-170\" target=\"_blank\" rel=\"noopener\" data-cp-link=\"1\"><span style=\"color: #ffffff; font-family: Helvetica, Arial, sans-serif, arial, helvetica, sans-serif; font-weight: 500;\">Mobilier<\/span><\/a><\/h3>\n<p class=\"\"><span style=\"font-weight: 300;\">Nous avons un grand choix de tables d\u2019examen, de fauteuils d\u2019examen gyn\u00e9cologique et de petits meubles qui vous rendront bien des services.<\/span><\/p>\n<\/div>\n<\/div>\n<\/div>\n<\/div>\n<div class=\"col-xs-12 col-sm-4 text-center\">\n<div class=\"card no-padding bordered\">\n<div class=\"contentswap-effect\" data-hover-fx=\"portfolio-6\">\n<div class=\"initial-image\"><img decoding=\"async\" src=\"https:\/\/www.arnoldbottag.ch\/wp-content\/uploads\/2025\/07\/neu_Uebersicht_Container.jpg\" data-size=\"500x333\" \/><\/div>\n<div class=\"overlay bg-color6\">\u00a0<\/div>\n<div class=\"swap-inner col-xs-12\">\n<div class=\"row full-height-row middle-xs middle-sm\">\n<div class=\"col-xs-12 text-center content-holder\"><a class=\"button small color1\" href=\"https:\/\/shop.arnoldbottag.ch\/fr\/page\/systemes-de-contenants-10\" target=\"_blank\" rel=\"noopener\" data-cp-link=\"1\" data-icon=\"\">Vers le shop<\/a><\/div>\n<\/div>\n<\/div>\n<\/div>\n<div class=\"col-xs-12\">\n<div class=\"space-bottom space-top\" data-type=\"column\">\n<h3 class=\"\"><a class=\"\" href=\"https:\/\/shop.arnoldbottag.ch\/fr\/page\/systemes-de-contenants-10\" target=\"_blank\" rel=\"noopener\" data-cp-link=\"1\"><span style=\"color: #ffffff; font-weight: 500;\">Syst\u00e8mes de contenants<\/span><\/a><\/h3>\n<p class=\"\"><span style=\"font-weight: 300;\">Composez vous-m\u00eame vos conteneurs de st\u00e9rilisation. Nos conteneurs nopa sont avantageux \u00e0 bien des \u00e9gards: ils permettent de gagner du temps, ils sont r\u00e9utilisables, peu co\u00fbteux \u00e0 l\u2019usage, et ils ont une longue dur\u00e9e de vie.<\/span><\/p>\n<\/div>\n<\/div>\n<\/div>\n<\/div>\n<\/div>\n<div class=\"row\">\n<div class=\"col-xs-12 text-center\" data-type=\"column\">\u00a0<\/div>\n<\/div>\n<\/div>\n<\/div>\n\n\n<style>\n.floating-btn {\n  position: fixed;\n  top: 200px;\n  left: 0;\n  width: 60px;\n  height: 140px;\n  font-size: 14px;\n  background-color: white;\n  color: #878585;\n  border-radius: 0 10px 10px 0;\n  box-shadow: 0 4px 6px rgba(0,0,0,0.2);\n  z-index: 9999;\n  overflow: hidden;\n  display: flex;\n  align-items: center;\n  justify-content: center;\n  transition: width 0.5s ease;\n  cursor: default;\n}\n\n.floating-btn.expanded {\n  width: 200px;\n}\n\n\/* Stable, fixed-size rotating wrapper *\/\n.fab-rotating {\n  position: absolute;\n  top: 50%;\n  left: 50%;\n  width: 200px;\n  transform: translate(-50%, -50%) rotate(-90deg);\n  transform-origin: center;\n  display: flex;\n  flex-direction: column;\n  align-items: center;\n  animation-fill-mode: forwards;\n}\n\n.fab-texts {\n  display: flex;\n  flex-direction: column;\n  align-items: center;\n  justify-content: center;\n  text-align: center;\n  height: 100%; \/* Ensures full height for vertical centering *\/\n}\n\n.fab-texts p {\n  white-space: nowrap;\n  overflow: hidden;\n  text-overflow: ellipsis;\n  margin: 2px 0 !important;\n  line-height: 1.1 !important;\n  opacity: 0;\n  visibility: hidden;\n  transition: opacity 0.3s ease, visibility 0s linear 0.8s;\n}\n\n.fab-texts.show p {\n  opacity: 1;\n  visibility: visible;\n  transition: opacity 0.3s ease 0.5s, visibility 0s linear 0.5s;\n}\n\n.fab-texts.hide p {\n  opacity: 0;\n  visibility: hidden;\n  transition: opacity 0.3s ease, visibility 0s linear 0.8s;\n}\n\n.fab-rotating img {\n  width: 110px;\n  height: auto;\n  display: block;\n  max-width: 100%;\n}\n\n\/* add: Textblock im collapsed-State komplett aus dem Layout *\/\n.floating-btn:not(.expanded) #fab-texts {\n  display: none !important;\n}\n\n\/* add: im expanded-State wieder normal anzeigen *\/\n.floating-btn.expanded #fab-texts {\n  display: flex !important; \/* falls du flex brauchst *\/\n}\n\n\/* Rotation animations *\/\n.fab-rotating.animate-in {\n  animation: rotateIn 0.8s ease forwards;\n}\n\n.fab-rotating.animate-out {\n  animation: rotateOut 0.8s ease forwards;\n}\n\n@keyframes rotateIn {\n  0%   { opacity: 1; transform: translate(-50%, -50%) rotate(-90deg); }\n  10%  { opacity: 0; transform: translate(-50%, -50%) rotate(-90deg); }\n  60%  { opacity: 0; transform: translate(-50%, -50%) rotate(0deg); }\n  70%  { opacity: 0; transform: translate(-50%, -50%) rotate(0deg); }\n  100% { opacity: 1; transform: translate(-50%, -50%) rotate(0deg); }\n}\n\n@keyframes rotateOut {\n  0%   { opacity: 1; transform: translate(-50%, -50%) rotate(0deg); }\n  10%  { opacity: 0; transform: translate(-50%, -50%) rotate(0deg); }\n  60%  { opacity: 0; transform: translate(-50%, -50%) rotate(-90deg); }\n  70%  { opacity: 0; transform: translate(-50%, -50%) rotate(-90deg); }\n  100% { opacity: 1; transform: translate(-50%, -50%) rotate(-90deg); }\n}\n\n.hidden {\n  display: none !important;\n}\n<\/style>\n\n<!-- Button HTML -->\n<div class=\"floating-btn\" id=\"fab\">\n  <div class=\"fab-rotating\" id=\"fab-rotating\">\n    <div class=\"fab-texts hidden\" id=\"fab-texts\">\n      <p>Membre de<\/p>\n      <p>l&rsquo;association professionnelle<\/p>\n    <\/div>\n    <a href=\"https:\/\/www.swiss-medtech.ch\/fr\" target=\"_blank\" rel=\"noopener noreferrer\">\n      <img decoding=\"async\" src=\"https:\/\/www.arnoldbottag.ch\/wp-content\/uploads\/2024\/04\/logo_medtech_internet_bearbeitet.png\" alt=\"Swiss Medtech logo\"\/>\n    <\/a>\n  <\/div>\n<\/div>\n\n<!-- Hover Script -->\n<script>\nconst fab = document.getElementById('fab');\nconst rotating = document.getElementById('fab-rotating');\nconst texts = document.getElementById('fab-texts');\n\nfab.addEventListener('mouseenter', () => {\n  rotating.classList.remove('animate-out');\n  texts.classList.remove('hidden');\n  void fab.offsetWidth;\n  rotating.classList.add('animate-in');\n  texts.classList.remove('hide');\n  texts.classList.add('show');\n  fab.classList.add('expanded');\n});\n\nfab.addEventListener('mouseleave', () => {\n  rotating.classList.remove('animate-in');\n  fab.classList.remove('expanded');\n  void fab.offsetWidth;\n  rotating.classList.add('animate-out');\n  texts.classList.remove('show');\n  texts.classList.add('hide');\n});\n\nrotating.addEventListener('animationend', () => {\n  if (rotating.classList.contains('animate-out')) {\n    texts.classList.add('hidden');\n  }\n});\n<\/script>\n\n\n\n<style>\n\/* === ISO Button Styles: Expands in both directions === *\/\n.floating-btn-iso {\n  position: fixed;\n  top: 350px;\n  left: 0;\n  width: 60px;\n  height: 80px;\n  background-color: white;\n  color: #878585;\n  border-radius: 0 10px 10px 0;\n  box-shadow: 0 4px 6px rgba(0,0,0,0.2);\n  font-size: 14px;\n  z-index: 9999;\n  overflow: hidden;\n  display: flex;\n  align-items: center;\n  justify-content: center;\n  transition: width 0.5s ease, height 0.5s ease;\n  cursor: default;\n}\n\n.floating-btn-iso.expanded {\n  width: 100px;\n  height: 140px;\n}\n\n.fab-inner-iso {\n  display: flex;\n  flex-direction: column;\n  align-items: center;\n  justify-content: center;\n  padding: 5px;\n  height: 100%;\n  width: 100%;\n}\n\n.fab-inner-iso p {\n  margin: 2px 0 !important;\n  line-height: 1.1 !important;\n  font-size: 12px;\n  opacity: 0;\n  visibility: hidden;\n  display: none;\n  transition: opacity 0.3s ease, visibility 0s linear 0.8s;\n}\n\n.fab-inner-iso img {\n  margin: 2px 0 !important;\n  display: block;\n  padding-bottom: 6px;\n}\n\n\/* Animations *\/\n@keyframes fadeInIso {\n  from { opacity: 0; }\n  to   { opacity: 1; }\n}\n\n@keyframes fadeOutIso {\n  from { opacity: 1; }\n  to   { opacity: 0; }\n}\n\n.fab-inner-iso.animate-in p {\n  display: block;\n  opacity: 1;\n  visibility: visible;\n  animation: fadeInIso 0.5s ease forwards;\n  transition: opacity 0.3s ease 0.4s, visibility 0s linear 0.4s;\n}\n\n.fab-inner-iso.animate-out p {\n  opacity: 0;\n  visibility: hidden;\n  display: none;\n  animation: fadeOutIso 0.5s ease forwards;\n  transition: opacity 0.3s ease, visibility 0s linear 0.8s;\n}\n<\/style>\n\n<!-- ISO Button -->\n<div class=\"floating-btn-iso\" id=\"fab-iso\" title=\"ISO Zertifikat\">\n  <div class=\"fab-inner-iso\" id=\"fab-inner-iso\">\n    <a href=\"https:\/\/www.arnoldbottag.ch\/wp-content\/uploads\/2024\/05\/ISO13485_Arnold-Bott-AG_FR.pdf\"\n       target=\"_blank\" rel=\"noopener noreferrer\" class=\"fab-link-iso\">\n      <img decoding=\"async\" src=\"https:\/\/www.arnoldbottag.ch\/wp-content\/uploads\/2024\/10\/Siegel_mit_Norm_ISO_13485.png\" style=\"width: 60px;\" \/>\n    <\/a>\n    <p>Certifi\u00e9<\/p>\n    <p>ISO 13485<\/p>\n  <\/div>\n<\/div>\n\n<!-- Script -->\n<script>\nconst fabIso = document.getElementById('fab-iso');\nconst fabInnerIso = document.getElementById('fab-inner-iso');\n\nfabIso.addEventListener('mouseenter', () => {\n  fabInnerIso.classList.remove('animate-out');\n  fabIso.classList.remove('expanded');\n  void fabIso.offsetHeight;\n  fabInnerIso.classList.add('animate-in');\n  fabIso.classList.add('expanded');\n});\n\nfabIso.addEventListener('mouseleave', () => {\n  fabInnerIso.classList.remove('animate-in');\n  fabIso.classList.remove('expanded');\n  void fabIso.offsetHeight;\n  fabInnerIso.classList.add('animate-out');\n});\n<\/script>\n","protected":false},"excerpt":{"rendered":"<p>Nous vous proposons une gamme compl\u00e8te d\u2019instruments chirurgicaux pour toutes les sp\u00e9cialit\u00e9s, des outils de diagnostic haut de gamme, du mobilier fonctionnel, des produits pour la st\u00e9rilisation centrale ainsi que de nombreux articles pour l\u2019ensemble du bloc op\u00e9ratoire. D\u00e9couvrez et commandez tous ces produits et bien d\u2019autres encore \u00e0 tout moment dans notre shop en&hellip; <br \/> <a class=\"read-more\" href=\"https:\/\/www.arnoldbottag.ch\/fr\/produits\/\">Lire la suite<\/a><\/p>\n","protected":false},"author":1,"featured_media":0,"parent":0,"menu_order":0,"comment_status":"closed","ping_status":"closed","template":"pro\/page-templates\/full-width-page.php","meta":{"footnotes":""},"class_list":["post-16273","page","type-page","status-publish","hentry"],"aioseo_notices":[],"_links":{"self":[{"href":"https:\/\/www.arnoldbottag.ch\/fr\/wp-json\/wp\/v2\/pages\/16273","targetHints":{"allow":["GET"]}}],"collection":[{"href":"https:\/\/www.arnoldbottag.ch\/fr\/wp-json\/wp\/v2\/pages"}],"about":[{"href":"https:\/\/www.arnoldbottag.ch\/fr\/wp-json\/wp\/v2\/types\/page"}],"author":[{"embeddable":true,"href":"https:\/\/www.arnoldbottag.ch\/fr\/wp-json\/wp\/v2\/users\/1"}],"replies":[{"embeddable":true,"href":"https:\/\/www.arnoldbottag.ch\/fr\/wp-json\/wp\/v2\/comments?post=16273"}],"version-history":[{"count":21,"href":"https:\/\/www.arnoldbottag.ch\/fr\/wp-json\/wp\/v2\/pages\/16273\/revisions"}],"predecessor-version":[{"id":18579,"href":"https:\/\/www.arnoldbottag.ch\/fr\/wp-json\/wp\/v2\/pages\/16273\/revisions\/18579"}],"wp:attachment":[{"href":"https:\/\/www.arnoldbottag.ch\/fr\/wp-json\/wp\/v2\/media?parent=16273"}],"curies":[{"name":"wp","href":"https:\/\/api.w.org\/{rel}","templated":true}]}}