{"id":16196,"date":"2022-03-24T15:15:55","date_gmt":"2022-03-24T14:15:55","guid":{"rendered":"https:\/\/www.arnoldbottag.ch\/mobilier\/"},"modified":"2023-08-16T15:22:50","modified_gmt":"2023-08-16T13:22:50","slug":"mobilier","status":"publish","type":"page","link":"https:\/\/www.arnoldbottag.ch\/fr\/produits\/mobilier\/","title":{"rendered":"Mobilier"},"content":{"rendered":"<div  id=\"portfolio-1\" class=\"portfolio-5 content-section content-section-spacing\" style=\"background-color: #ffffff;\" data-label=\"Portfolio\" data-id=\"portfolio--1\" data-export-id=\"portfolio-5\" data-category=\"portfolio\">\n<div  class=\"gridContainer\">\n<div  class=\"row text-center\">\n<div  class=\"section-title-col\" data-type=\"column\">\n<p  class=\"lead\" data-lt-tmp-id=\"lt-868969\" data-gramm=\"false\">Nous avons un grand choix de tables d\u2019examen, de fauteuils d\u2019examen gyn\u00e9cologique et de petits meubles offrant un confort optimal.<\/p>\n\n<\/div>\n<\/div>\n<div  class=\"row space-bottom spaced-cols\" data-type=\"row\">\n<div  class=\"col-xs-12 col-sm-4 text-center\">\n<div  class=\"card no-padding bordered\">\n<div  class=\"contentswap-effect\" data-hover-fx=\"portfolio-6\">\n<div  class=\"initial-image\"><img decoding=\"async\"  src=\"https:\/\/www.arnoldbottag.ch\/wp-content\/uploads\/2022\/03\/8576691_980_600-e1648472925504.jpg\" data-size=\"500x333\"><\/div>\n<div  class=\"overlay bg-color6\"><\/div>\n<div  class=\"swap-inner col-xs-12\">\n<div  class=\"row full-height-row middle-xs middle-sm\">\n<div  class=\"col-xs-12 text-center content-holder\"><a class=\"button small color1\" href=\"https:\/\/www.arnoldbottag.ch\/fr\/produits\/mobilier\/tables-dexamen-et-de-therapie\" target=\"_self\" rel=\"noopener\" data-cp-link=\"1\" data-icon=\"\">En savoir plus<\/a><\/div>\n<\/div>\n<\/div>\n<\/div>\n<div  class=\"col-xs-12\">\n<div  class=\"space-bottom space-top\" data-type=\"column\">\n<h3  class=\"\"><a href=\"https:\/\/www.arnoldbottag.ch\/fr\/produits\/mobilier\/liegen\" target=\"_self\" rel=\"noopener\" data-cp-link=\"1\"><span  style=\"color: #ffffff; font-weight: 500;\">Tables d\u2019examen et de th\u00e9rapie<\/span><\/a><\/h3>\n<p  class=\"\"><span  style=\"font-weight: 300;\">Quel que soit le type d\u2019examen m\u00e9dical pratiqu\u00e9, vous trouverez sans probl\u00e8me la table d\u2019examen qui convient et vous pouvez l\u2019adapter \u00e0 vos besoins.<\/span><\/p>\n\n<\/div>\n<\/div>\n<\/div>\n<\/div>\n<div  class=\"col-xs-12 col-sm-4 text-center\">\n<div  class=\"card no-padding bordered\">\n<div  class=\"contentswap-effect\" data-hover-fx=\"portfolio-6\">\n<div  class=\"initial-image\"><img decoding=\"async\"  src=\"https:\/\/www.arnoldbottag.ch\/wp-content\/uploads\/2022\/03\/8390638_980_600-e1648473030300.jpg\" data-size=\"500x333\"><\/div>\n<div  class=\"overlay bg-color6\"><\/div>\n<div  class=\"swap-inner col-xs-12\">\n<div  class=\"row full-height-row middle-xs middle-sm\">\n<div  class=\"col-xs-12 text-center content-holder\"><a class=\"button small color1\" href=\"https:\/\/www.arnoldbottag.ch\/fr\/produits\/mobilier\/fauteuils-dexamen-gynecologique\" target=\"_self\" rel=\"noopener\" data-cp-link=\"1\" data-icon=\"\">En savoir plus<\/a><\/div>\n<\/div>\n<\/div>\n<\/div>\n<div  class=\"col-xs-12\">\n<div  class=\"space-bottom space-top\" data-type=\"column\">\n<h3  class=\"\"><a href=\"https:\/\/www.arnoldbottag.ch\/fr\/produits\/mobilier\/gynaekologiestuehle\" target=\"_self\" rel=\"noopener\" data-cp-link=\"1\"><span  style=\"color: #ffffff;\"><span  style=\"caret-color: #ffffff; font-weight: 500;\">Fauteuils d\u2019examen gyn\u00e9cologique<\/span><\/span><\/a><\/h3>\n<p  class=\"\"><span  style=\"font-weight: 300;\">Gr\u00e2ce \u00e0 la combinaison optimale de l\u2019\u00e9l\u00e9gance fonctionnelle et d\u2019un confort hors pair, nos fauteuils d\u2019examen gyn\u00e9cologique comptent parmi les meilleurs.<\/span><\/p>\n\n<\/div>\n<\/div>\n<\/div>\n<\/div>\n<div  class=\"col-xs-12 col-sm-4 text-center\">\n<div  class=\"card no-padding bordered\">\n<div  class=\"contentswap-effect\" data-hover-fx=\"portfolio-6\">\n<div  class=\"initial-image\"><img decoding=\"async\"  src=\"https:\/\/www.arnoldbottag.ch\/wp-content\/uploads\/2022\/03\/Kleinmobiliar_980_600.jpg\" data-size=\"500x333\"><\/div>\n<div  class=\"overlay bg-color6\"><\/div>\n<div  class=\"swap-inner col-xs-12\">\n<div  class=\"row full-height-row middle-xs middle-sm\">\n<div  class=\"col-xs-12 text-center content-holder\"><a class=\"button small color1\" href=\"https:\/\/www.arnoldbottag.ch\/fr\/produits\/mobilier\/petit-mobilier\" target=\"_self\" rel=\"noopener\" data-cp-link=\"1\" data-icon=\"\">En savoir plus<\/a><\/div>\n<\/div>\n<\/div>\n<\/div>\n<div  class=\"col-xs-12\">\n<div  class=\"space-bottom space-top\" data-type=\"column\">\n<h3  class=\"\"><a href=\"https:\/\/www.arnoldbottag.ch\/fr\/produits\/mobilier\/petit-mobilier\" target=\"_self\" rel=\"noopener\" data-cp-link=\"1\"><span  style=\"color: #ffffff; font-weight: 500;\">Petit mobilier<\/span><\/a><\/h3>\n<p  class=\"\"><span  style=\"font-weight: 300;\">Notre mobilier pour la salle d\u2019op\u00e9ration est con\u00e7u pour r\u00e9pondre aux contraintes des interventions et il offre aux intervenants le confort n\u00e9cessaire.<\/span><\/p>\n\n<\/div>\n<\/div>\n<\/div>\n<\/div>\n<\/div>\n<div  class=\"row\">\n<div  class=\"col-xs-12 text-center\" data-type=\"column\"><\/div>\n<\/div>\n<\/div>\n<\/div>","protected":false},"excerpt":{"rendered":"<p>Nous avons un grand choix de tables d\u2019examen, de fauteuils d\u2019examen gyn\u00e9cologique et de petits meubles offrant un confort optimal. En savoir plus Tables d\u2019examen et de th\u00e9rapie Quel que soit le type d\u2019examen m\u00e9dical pratiqu\u00e9, vous trouverez sans probl\u00e8me la table d\u2019examen qui convient et vous pouvez l\u2019adapter \u00e0 vos besoins. En savoir plus&hellip; <br \/> <a class=\"read-more\" href=\"https:\/\/www.arnoldbottag.ch\/fr\/produits\/mobilier\/\">Lire la suite<\/a><\/p>\n","protected":false},"author":1,"featured_media":0,"parent":16273,"menu_order":0,"comment_status":"closed","ping_status":"closed","template":"pro\/page-templates\/full-width-page.php","meta":{"footnotes":""},"class_list":["post-16196","page","type-page","status-publish","hentry"],"aioseo_notices":[],"_links":{"self":[{"href":"https:\/\/www.arnoldbottag.ch\/fr\/wp-json\/wp\/v2\/pages\/16196","targetHints":{"allow":["GET"]}}],"collection":[{"href":"https:\/\/www.arnoldbottag.ch\/fr\/wp-json\/wp\/v2\/pages"}],"about":[{"href":"https:\/\/www.arnoldbottag.ch\/fr\/wp-json\/wp\/v2\/types\/page"}],"author":[{"embeddable":true,"href":"https:\/\/www.arnoldbottag.ch\/fr\/wp-json\/wp\/v2\/users\/1"}],"replies":[{"embeddable":true,"href":"https:\/\/www.arnoldbottag.ch\/fr\/wp-json\/wp\/v2\/comments?post=16196"}],"version-history":[{"count":5,"href":"https:\/\/www.arnoldbottag.ch\/fr\/wp-json\/wp\/v2\/pages\/16196\/revisions"}],"predecessor-version":[{"id":16683,"href":"https:\/\/www.arnoldbottag.ch\/fr\/wp-json\/wp\/v2\/pages\/16196\/revisions\/16683"}],"up":[{"embeddable":true,"href":"https:\/\/www.arnoldbottag.ch\/fr\/wp-json\/wp\/v2\/pages\/16273"}],"wp:attachment":[{"href":"https:\/\/www.arnoldbottag.ch\/fr\/wp-json\/wp\/v2\/media?parent=16196"}],"curies":[{"name":"wp","href":"https:\/\/api.w.org\/{rel}","templated":true}]}}