{"id":16178,"date":"2017-11-10T14:08:51","date_gmt":"2017-11-10T13:08:51","guid":{"rendered":"https:\/\/www.arnoldbottag.ch\/accueil\/"},"modified":"2026-02-11T09:04:49","modified_gmt":"2026-02-11T08:04:49","slug":"accueil","status":"publish","type":"page","link":"https:\/\/www.arnoldbottag.ch\/fr\/","title":{"rendered":"Accueil"},"content":{"rendered":"<div  id=\"features-1\" class=\"features-16 content-section content-section-spacing content-relative\" style=\"background-color: rgba(163, 180, 204, 0.37); background-image: none;\" data-label=\"Features\" data-id=\"features--1\" data-export-id=\"features-16\" data-category=\"features\" data-section-ov=\"1\">\n<div  class=\"gridContainer\">\n<div  class=\"row spaced-cols center-sm content-center-sm\" data-type=\"row\">\n<div  class=\"col-xs-12 col-sm-6 space-bottom col-md-4 \">\n<div  class=\"col-padding-small col-padding-small-xs description-container\" data-type=\"column\"><a  class=\"\" href=\"https:\/\/smqs.ch\" target=\"_blank\" rel=\"noopener\" data-cp-link=\"1\"><img  decoding=\"async\" class=\"custom-image\" title=\"cropped-SMQS_Logo_v2_RGB-1.png\" src=\"https:\/\/www.arnoldbottag.ch\/wp-content\/uploads\/2022\/03\/cropped-SMQS_Logo_v2_RGB-1.png.webp\" alt=\"\"><\/a>\n<h4  class=\"font-500\" style=\"text-align: center;\" data-gramm=\"false\"><a  class=\"\" href=\"https:\/\/smqs.ch\" target=\"_blank\" rel=\"noopener\" data-cp-link=\"1\"><b >SMQS<\/b><\/a><\/h4>\n<p  class=\"\" style=\"text-align: center;\">Nous vous proposons en qualit\u00e9 de mandataire suisse diverses prestations de services.<\/p>\n<\/div>\n<\/div>\n<div  class=\"col-xs-12 col-sm-6 space-bottom col-md-4\">\n<div  class=\"col-padding-small col-padding-small-xs description-container\" data-type=\"column\"><a  class=\"\" href=\"https:\/\/www.arnoldbottag.ch\/wp-content\/uploads\/2024\/05\/ISO13485_Arnold-Bott-AG_FR.pdf\" target=\"_blank\" rel=\"noopener\" data-cp-link=\"1\"><img  decoding=\"async\" class=\"custom-image\" title=\"cropped-SMQS_Logo_v2_RGB-1.png\" src=\"https:\/\/www.arnoldbottag.ch\/wp-content\/uploads\/2024\/10\/cropped-cropped-ISO.png\" alt=\"\"><\/a>\n<h4  class=\"font-500\" style=\"text-align: center;\" data-gramm=\"false\" data-lt-tmp-id=\"lt-117245\"><a  class=\"\" href=\"..\/wp-content\/uploads\/2024\/05\/ISO13485_Arnold-Bott-AG_FR.pdf\" target=\"_blank\" rel=\"noopener\" data-cp-link=\"1\"><span  style=\"font-weight: bold;\">ISO 13485<\/span><\/a><\/h4>\n<p  class=\"\" style=\"text-align: center;\">Les normes les plus \u00e9lev\u00e9es en mati\u00e8re de<br >qualit\u00e9 des dispositifs m\u00e9dicaux.<\/p>\n<\/div>\n<\/div>\n<div  class=\"col-xs-12 col-sm-6 space-bottom col-md-4\">\n<div  class=\"col-padding-small col-padding-small-xs description-container\" data-type=\"column\"><a  class=\"\" href=\"https:\/\/www.arnoldbottag.ch\/fr\/nopa-instruments\/\" target=\"_self\" rel=\"noopener\" data-cp-link=\"1\"><img  decoding=\"async\" class=\"custom-image\" title=\"cropped-SMQS_Logo_v2_RGB-1.png\" src=\"https:\/\/www.arnoldbottag.ch\/wp-content\/uploads\/2024\/04\/nopa-1.png\" alt=\"\"><\/a>\n<h4  class=\"font-500\" style=\"text-align: center;\" data-gramm=\"false\" data-lt-tmp-id=\"lt-334668\"><a  href=\"https:\/\/www.arnoldbottag.ch\/fr\/nopa-instruments\/\" target=\"_self\" data-cp-link=\"1\"><span  style=\"font-weight: bold;\">nopa instruments<\/span><\/a><\/h4>\n<p  class=\"\" style=\"text-align: center;\">Partenaire officiel suisse de \u00abnopa instruments\u00bb.<\/p>\n<\/div>\n<\/div>\n<div  class=\"col-xs-12 col-sm-6 space-bottom col-md-4 \">\n<div  class=\"col-padding-small col-padding-small-xs description-container\" data-type=\"column\"><a  class=\"\" href=\"https:\/\/www.arnoldbottag.ch\/fr\/produits\/\" target=\"_self\" rel=\"noopener\" data-cp-link=\"1\"><img  decoding=\"async\" class=\"custom-image\" title=\"cropped-cube-solid-1.png\" src=\"https:\/\/www.arnoldbottag.ch\/wp-content\/uploads\/2022\/10\/sortiment.png\" alt=\"\"><\/a>\n<h4  class=\"font-500\" style=\"text-align: center;\" data-lt-tmp-id=\"lt-15462\" data-gramm=\"false\"><span  style=\"font-weight: bold;\"><a  href=\"https:\/\/www.arnoldbottag.ch\/fr\/produits\/\" target=\"_self\" rel=\"noopener\" data-cp-link=\"1\">PRODUITS<\/a><\/span><\/h4>\n<p  class=\"\" style=\"text-align: center;\" data-lt-tmp-id=\"lt-185351\" data-gramm=\"false\">Nous proposons un grand choix de produits de diff\u00e9rents fabricants.<\/p>\n<\/div>\n<\/div>\n<div  class=\"col-xs-12 col-sm-6 space-bottom col-md-4 \">\n<div  class=\"col-padding-small col-padding-small-xs description-container\" data-type=\"column\"><a  class=\"\" href=\"https:\/\/shop.arnoldbottag.ch\/fr\" target=\"_blank\" rel=\"noopener\" data-cp-link=\"1\"><img  decoding=\"async\" class=\"custom-image\" title=\"cropped-SMQS_Logo_v2_RGB-1.png\" src=\"https:\/\/www.arnoldbottag.ch\/wp-content\/uploads\/2022\/10\/bestellung.png\" alt=\"\"><\/a>\n<h4  class=\"font-500\" style=\"text-align: center;\" data-lt-tmp-id=\"lt-506176\" data-gramm=\"false\"><a  href=\"https:\/\/www.arnoldbottag.ch\/fr\/commande\/\" target=\"_self\" rel=\"noopener\" data-cp-link=\"1\"><b >SHOP EN LIGNE<\/b><\/a><\/h4>\n<p  class=\"\" style=\"text-align: center;\" data-lt-tmp-id=\"lt-699781\" data-gramm=\"false\">Commandez simplement les articles souhait\u00e9s.<\/p>\n<\/div>\n<\/div>\n<div  class=\"col-xs-12 col-sm-6 space-bottom col-md-4 \">\n<div  class=\"col-padding-small col-padding-small-xs description-container\" data-type=\"column\"><a  class=\"\" href=\"https:\/\/www.arnoldbottag.ch\/fr\/qui-sommes-nous\/services\/\" target=\"_self\" rel=\"noopener\" data-cp-link=\"1\"><img  decoding=\"async\" class=\"custom-image\" title=\"gears-solid-1\" src=\"https:\/\/www.arnoldbottag.ch\/wp-content\/uploads\/2022\/10\/dienstleistungen.png\" alt=\"\"><\/a>\n<h4  class=\"font-500\" style=\"text-align: center;\" data-lt-tmp-id=\"lt-306249\" data-gramm=\"false\"><a  href=\"https:\/\/www.arnoldbottag.ch\/fr\/qui-sommes-nous\/services\/\" target=\"_self\" rel=\"noopener\" data-cp-link=\"1\"><span  style=\"font-weight: 600;\">SERVICES<\/span><\/a><\/h4>\n<p  class=\"\" style=\"text-align: center;\" data-lt-tmp-id=\"lt-492874\" data-gramm=\"false\"><span  style=\"color: #6b7c93;\">Tout d\u2019une seule main, depuis plus de 90 ans !<\/span><\/p>\n<\/div>\n<\/div>\n<\/div>\n<\/div>\n<\/div><div  id=\"portfolio-4\" class=\"portfolio-5 content-section content-section-spacing\" style=\"background-color: #ffffff; background-image: none;\" data-label=\"Portfolio\" data-id=\"portfolio-5\" data-export-id=\"portfolio-5\" data-category=\"portfolio\" data-section-ov=\"1\">\n<div  class=\"gridContainer\">\n<div  class=\"row text-center\">\n<div  class=\"section-title-col\" data-type=\"column\">\n<h2  class=\"\" data-lt-tmp-id=\"lt-71145\" data-gramm=\"false\"><a  href=\"https:\/\/www.arnoldbottag.ch\/fr\/produits\/\" target=\"_self\" rel=\"noopener\" data-cp-link=\"1\"><span  style=\"font-family: Helvetica, Arial, sans-serif, arial, helvetica, sans-serif;\">Produits<\/span><\/a><\/h2>\n<p  class=\"lead\" data-lt-tmp-id=\"lt-581682\" data-gramm=\"false\">Faites votre choix parmi de nombreux instruments standard, pour microchirurgie, \u00e0 usage unique, pour le diagnostic, meubles, produits pour la st\u00e9rilisation centrale et parmi diff\u00e9rents articles pour le bloc op\u00e9ratoire.<\/p>\n<\/div>\n<\/div>\n<div  class=\"row space-bottom spaced-cols\" data-type=\"row\">\n<div  class=\"col-xs-12 col-sm-4 text-center col-md-4 \">\n<div  class=\"card no-padding bordered\">\n<div  class=\"contentswap-effect\" data-hover-fx=\"portfolio-6\">\n<div  class=\"initial-image\"><img  decoding=\"async\" src=\"https:\/\/www.arnoldbottag.ch\/wp-content\/uploads\/2021\/09\/tn_scheren_anim.jpeg\" data-size=\"500x500\"><\/div>\n<div  class=\"overlay bg-color6\">&nbsp;<\/div>\n<div  class=\"swap-inner col-xs-12\">\n<div  class=\"row full-height-row middle-xs middle-sm\">\n<div  class=\"col-xs-12 text-center content-holder\"><a  class=\"button small color1\" href=\"https:\/\/shop.arnoldbottag.ch\/fr\/products\/instruments-608\" target=\"_blank\" rel=\"noopener\" data-cp-link=\"1\" data-icon=\"\">Vers le shop<\/a><\/div>\n<\/div>\n<\/div>\n<\/div>\n<div  class=\"col-xs-12\">\n<div  class=\"space-bottom space-top\" data-type=\"column\">\n<h3  class=\"\" data-lt-tmp-id=\"lt-459042\" data-gramm=\"false\"><a  class=\"\" href=\"https:\/\/shop.arnoldbottag.ch\/fr\/products\/instruments-608\" target=\"_blank\" rel=\"noopener\" data-cp-link=\"1\"><span  style=\"font-weight: 500; color: #ffffff;\">Instruments de chirurgie<\/span><\/a><\/h3>\n<p  class=\"\" data-lt-tmp-id=\"lt-582764\" data-gramm=\"false\"><a  class=\"\" href=\"https:\/\/shop.arnoldbottag.ch\/fr\/products\/instruments-608\" target=\"_blank\" rel=\"noopener\" data-cp-link=\"1\"><span  style=\"font-weight: 300;\">Dans cette cat\u00e9gorie, vous trouverez des instruments standard tels que des pinces, des pinces \u00e0 clamper et des ciseaux r\u00e9utilisables, mais aussi divers instruments de chirurgie pour le bloc op\u00e9ratoire<\/span><\/a><\/p>\n<\/div>\n<\/div>\n<\/div>\n<\/div>\n<div  class=\"col-xs-12 col-sm-4 text-center col-md-4 \">\n<div  class=\"card no-padding bordered\">\n<div  class=\"contentswap-effect\" data-hover-fx=\"portfolio-6\">\n<div  class=\"initial-image\"><img  decoding=\"async\" src=\"https:\/\/www.arnoldbottag.ch\/wp-content\/uploads\/2022\/03\/OP_Bereich.jpg\" data-size=\"500x500\"><\/div>\n<div  class=\"overlay bg-color6\">&nbsp;<\/div>\n<div  class=\"swap-inner col-xs-12\">\n<div  class=\"row full-height-row middle-xs middle-sm\">\n<div  class=\"col-xs-12 text-center content-holder\"><a  class=\"button small color1\" href=\"https:\/\/shop.arnoldbottag.ch\/fr\/products\/materiel-op-chirurgie-613\" target=\"_blank\" rel=\"noopener\" data-cp-link=\"1\" data-icon=\"\">Vers le shop<\/a><\/div>\n<\/div>\n<\/div>\n<\/div>\n<div  class=\"col-xs-12\">\n<div  class=\"space-bottom space-top\" data-type=\"column\">\n<h3  class=\"\"><a  class=\"\" href=\"https:\/\/shop.arnoldbottag.ch\/fr\/products\/materiel-op-chirurgie-613\" target=\"_blank\" rel=\"noopener\" data-cp-link=\"1\"><span  style=\"color: #ffffff; font-weight: 500;\">Chirurgie<\/span><\/a><\/h3>\n<p  class=\"italic\" data-lt-tmp-id=\"lt-501590\" data-gramm=\"false\"><a  class=\"\" href=\"https:\/\/shop.arnoldbottag.ch\/fr\/products\/materiel-op-chirurgie-613\" target=\"_blank\" rel=\"noopener\" data-cp-link=\"1\"><span  style=\"font-weight: 300;\">Nous proposons des dispositifs d\u2019\u00e9lectrochirurgie, des accessoires pour la chirurgie \u00e0 haute fr\u00e9quence, des pinces bipolaires et monopolaires ainsi que diff\u00e9rents mod\u00e8les de lampes.<\/span><\/a><\/p>\n<div  class=\"\">&nbsp;<\/div>\n<\/div>\n<\/div>\n<\/div>\n<\/div>\n<div  class=\"col-xs-12 col-sm-4 text-center col-md-4 \">\n<div  class=\"card no-padding bordered\">\n<div  class=\"contentswap-effect\" data-hover-fx=\"portfolio-6\">\n<div  class=\"initial-image\"><img  decoding=\"async\" src=\"https:\/\/www.arnoldbottag.ch\/wp-content\/uploads\/2022\/03\/Uebersicht_Zentralsterilisation.jpg\" data-size=\"500x500\"><\/div>\n<div  class=\"overlay bg-color6\">&nbsp;<\/div>\n<div  class=\"swap-inner col-xs-12\">\n<div  class=\"row full-height-row middle-xs middle-sm\">\n<div  class=\"col-xs-12 text-center content-holder\"><a  class=\"button small color1\" href=\"https:\/\/shop.arnoldbottag.ch\/fr\/products\/sterilisation-622\" target=\"_blank\" rel=\"noopener\" data-cp-link=\"1\" data-icon=\"\">Vers le shop<\/a><\/div>\n<\/div>\n<\/div>\n<\/div>\n<div  class=\"col-xs-12\">\n<div  class=\"space-bottom space-top\" data-type=\"column\">\n<h3  class=\"\" data-lt-tmp-id=\"lt-81444\" data-gramm=\"false\"><a  class=\"\" href=\"https:\/\/shop.arnoldbottag.ch\/fr\/products\/sterilisation-622\" target=\"_blank\" rel=\"noopener\" data-cp-link=\"1\"><span  style=\"color: #ffffff; font-weight: 500;\">St\u00e9rilisation centrale<\/span><\/a><\/h3>\n<p  class=\"italic\" data-lt-tmp-id=\"lt-488272\" data-gramm=\"false\"><a  class=\"\" href=\"https:\/\/shop.arnoldbottag.ch\/fr\/products\/sterilisation-622\" target=\"_blank\" rel=\"noopener\" data-cp-link=\"1\"><span  style=\"font-weight: 300;\">Avec un grand choix de conteneurs st\u00e9riles, Aesculap propose des solutions d\u2019emballage pour tous les paniers d\u2019instruments utilis\u00e9s \u00e0 l\u2019h\u00f4pital. Les conteneurs sont livrables dans diff\u00e9rentes versions et diff\u00e9rentes tailles et avec de nombreux accessoires.<\/span><\/a><\/p>\n<\/div>\n<\/div>\n<\/div>\n<\/div>\n<\/div>\n<div  class=\"row\">\n<div  class=\"col-xs-12 text-center\" data-type=\"column\"><a  class=\"button y-move color6\" href=\"https:\/\/www.arnoldbottag.ch\/fr\/produits\/\" target=\"_self\" rel=\"noopener\" data-cp-link=\"1\" data-icon=\"\">Acc\u00e9der \u00e0 la gamme compl\u00e8te<\/a><\/div>\n<\/div>\n<\/div>\n<\/div><style >\n.floating-btn {\n  position: fixed;\n  top: 200px;\n  left: 0;\n  width: 60px;\n  height: 140px;\n  font-size: 14px;\n  background-color: white;\n  color: #878585;\n  border-radius: 0 10px 10px 0;\n  box-shadow: 0 4px 6px rgba(0,0,0,0.2);\n  z-index: 9999;\n  overflow: hidden;\n  display: flex;\n  align-items: center;\n  justify-content: center;\n  transition: width 0.5s ease;\n  cursor: default;\n}\n\n.floating-btn.expanded {\n  width: 200px;\n}\n\n\/* Stable, fixed-size rotating wrapper *\/\n.fab-rotating {\n  position: absolute;\n  top: 50%;\n  left: 50%;\n  width: 200px;\n  transform: translate(-50%, -50%) rotate(-90deg);\n  transform-origin: center;\n  display: flex;\n  flex-direction: column;\n  align-items: center;\n  animation-fill-mode: forwards;\n}\n\n.fab-texts {\n  display: flex;\n  flex-direction: column;\n  align-items: center;\n  justify-content: center;\n  text-align: center;\n  height: 100%; \/* Ensures full height for vertical centering *\/\n}\n\n.fab-texts p {\n  white-space: nowrap;\n  overflow: hidden;\n  text-overflow: ellipsis;\n  margin: 2px 0 !important;\n  line-height: 1.1 !important;\n  opacity: 0;\n  visibility: hidden;\n  transition: opacity 0.3s ease, visibility 0s linear 0.8s;\n}\n\n.fab-texts.show p {\n  opacity: 1;\n  visibility: visible;\n  transition: opacity 0.3s ease 0.5s, visibility 0s linear 0.5s;\n}\n\n.fab-texts.hide p {\n  opacity: 0;\n  visibility: hidden;\n  transition: opacity 0.3s ease, visibility 0s linear 0.8s;\n}\n\n.fab-rotating img {\n  width: 110px;\n  height: auto;\n  display: block;\n  max-width: 100%;\n}\n\n\/* add: Textblock im collapsed-State komplett aus dem Layout *\/\n.floating-btn:not(.expanded) #fab-texts {\n  display: none !important;\n}\n\n\/* add: im expanded-State wieder normal anzeigen *\/\n.floating-btn.expanded #fab-texts {\n  display: flex !important; \/* falls du flex brauchst *\/\n}\n\n\/* Rotation animations *\/\n.fab-rotating.animate-in {\n  animation: rotateIn 0.8s ease forwards;\n}\n\n.fab-rotating.animate-out {\n  animation: rotateOut 0.8s ease forwards;\n}\n\n@keyframes rotateIn {\n  0%   { opacity: 1; transform: translate(-50%, -50%) rotate(-90deg); }\n  10%  { opacity: 0; transform: translate(-50%, -50%) rotate(-90deg); }\n  60%  { opacity: 0; transform: translate(-50%, -50%) rotate(0deg); }\n  70%  { opacity: 0; transform: translate(-50%, -50%) rotate(0deg); }\n  100% { opacity: 1; transform: translate(-50%, -50%) rotate(0deg); }\n}\n\n@keyframes rotateOut {\n  0%   { opacity: 1; transform: translate(-50%, -50%) rotate(0deg); }\n  10%  { opacity: 0; transform: translate(-50%, -50%) rotate(0deg); }\n  60%  { opacity: 0; transform: translate(-50%, -50%) rotate(-90deg); }\n  70%  { opacity: 0; transform: translate(-50%, -50%) rotate(-90deg); }\n  100% { opacity: 1; transform: translate(-50%, -50%) rotate(-90deg); }\n}\n\n.hidden {\n  display: none !important;\n}\n<\/style><!-- Button HTML --><div  class=\"floating-btn\" id=\"fab\">\n  <div  class=\"fab-rotating animate-out\" id=\"fab-rotating\">\n    <div  class=\"fab-texts hide hidden\" id=\"fab-texts\">\n      <p >Membre de<\/p>\n      <p >l\u2019association professionnelle<\/p>\n    <\/div>\n    <a  href=\"https:\/\/www.swiss-medtech.ch\/fr\" target=\"_blank\" rel=\"noopener noreferrer\" class=\"\">\n      <img  decoding=\"async\" src=\"https:\/\/www.arnoldbottag.ch\/wp-content\/uploads\/2024\/04\/logo_medtech_internet_bearbeitet.png\" alt=\"Swiss Medtech logo\">\n    <\/a>\n  <\/div>\n<\/div><!-- Hover Script --><script >\nconst fab = document.getElementById('fab');\nconst rotating = document.getElementById('fab-rotating');\nconst texts = document.getElementById('fab-texts');\n\nfab.addEventListener('mouseenter', () => {\n  rotating.classList.remove('animate-out');\n  texts.classList.remove('hidden');\n  void fab.offsetWidth;\n  rotating.classList.add('animate-in');\n  texts.classList.remove('hide');\n  texts.classList.add('show');\n  fab.classList.add('expanded');\n});\n\nfab.addEventListener('mouseleave', () => {\n  rotating.classList.remove('animate-in');\n  fab.classList.remove('expanded');\n  void fab.offsetWidth;\n  rotating.classList.add('animate-out');\n  texts.classList.remove('show');\n  texts.classList.add('hide');\n});\n\nrotating.addEventListener('animationend', () => {\n  if (rotating.classList.contains('animate-out')) {\n    texts.classList.add('hidden');\n  }\n});\n<\/script><style >\n\/* === ISO Button Styles: Expands in both directions === *\/\n.floating-btn-iso {\n  position: fixed;\n  top: 350px;\n  left: 0;\n  width: 60px;\n  height: 80px;\n  background-color: white;\n  color: #878585;\n  border-radius: 0 10px 10px 0;\n  box-shadow: 0 4px 6px rgba(0,0,0,0.2);\n  font-size: 14px;\n  z-index: 9999;\n  overflow: hidden;\n  display: flex;\n  align-items: center;\n  justify-content: center;\n  transition: width 0.5s ease, height 0.5s ease;\n  cursor: default;\n}\n\n.floating-btn-iso.expanded {\n  width: 100px;\n  height: 140px;\n}\n\n.fab-inner-iso {\n  display: flex;\n  flex-direction: column;\n  align-items: center;\n  justify-content: center;\n  padding: 5px;\n  height: 100%;\n  width: 100%;\n}\n\n.fab-inner-iso p {\n  margin: 2px 0 !important;\n  line-height: 1.1 !important;\n  font-size: 12px;\n  opacity: 0;\n  visibility: hidden;\n  display: none;\n  transition: opacity 0.3s ease, visibility 0s linear 0.8s;\n}\n\n.fab-inner-iso img {\n  margin: 2px 0 !important;\n  display: block;\n  padding-bottom: 6px;\n}\n\n\/* Animations *\/\n@keyframes fadeInIso {\n  from { opacity: 0; }\n  to   { opacity: 1; }\n}\n\n@keyframes fadeOutIso {\n  from { opacity: 1; }\n  to   { opacity: 0; }\n}\n\n.fab-inner-iso.animate-in p {\n  display: block;\n  opacity: 1;\n  visibility: visible;\n  animation: fadeInIso 0.5s ease forwards;\n  transition: opacity 0.3s ease 0.4s, visibility 0s linear 0.4s;\n}\n\n.fab-inner-iso.animate-out p {\n  opacity: 0;\n  visibility: hidden;\n  display: none;\n  animation: fadeOutIso 0.5s ease forwards;\n  transition: opacity 0.3s ease, visibility 0s linear 0.8s;\n}\n<\/style><!-- ISO Button --><div  class=\"floating-btn-iso\" id=\"fab-iso\" title=\"ISO Zertifikat\">\n  <div  class=\"fab-inner-iso\" id=\"fab-inner-iso\">\n    <a  href=\"https:\/\/www.arnoldbottag.ch\/wp-content\/uploads\/2024\/05\/ISO13485_Arnold-Bott-AG_FR.pdf\" target=\"_blank\" rel=\"noopener noreferrer\" class=\"fab-link-iso\">\n      <img  decoding=\"async\" src=\"https:\/\/www.arnoldbottag.ch\/wp-content\/uploads\/2024\/10\/Siegel_mit_Norm_ISO_13485.png\" style=\"width: 60px;\">\n    <\/a>\n    <p >Certifi\u00e9<\/p>\n    <p >ISO 13485<\/p>\n  <\/div>\n<\/div><!-- Script --><script >\nconst fabIso = document.getElementById('fab-iso');\nconst fabInnerIso = document.getElementById('fab-inner-iso');\n\nfabIso.addEventListener('mouseenter', () => {\n  fabInnerIso.classList.remove('animate-out');\n  fabIso.classList.remove('expanded');\n  void fabIso.offsetHeight;\n  fabInnerIso.classList.add('animate-in');\n  fabIso.classList.add('expanded');\n});\n\nfabIso.addEventListener('mouseleave', () => {\n  fabInnerIso.classList.remove('animate-in');\n  fabIso.classList.remove('expanded');\n  void fabIso.offsetHeight;\n  fabInnerIso.classList.add('animate-out');\n});\n<\/script>","protected":false},"excerpt":{"rendered":"<p>SMQS Nous vous proposons en qualit\u00e9 de mandataire suisse diverses prestations de services. ISO 13485 Les normes les plus \u00e9lev\u00e9es en mati\u00e8re dequalit\u00e9 des dispositifs m\u00e9dicaux. nopa instruments Partenaire officiel suisse de \u00abnopa instruments\u00bb. PRODUITS Nous proposons un grand choix de produits de diff\u00e9rents fabricants. SHOP EN LIGNE Commandez simplement les articles souhait\u00e9s. SERVICES Tout&hellip; <br \/> <a class=\"read-more\" href=\"https:\/\/www.arnoldbottag.ch\/fr\/\">Lire la suite<\/a><\/p>\n","protected":false},"author":1,"featured_media":0,"parent":0,"menu_order":0,"comment_status":"closed","ping_status":"closed","template":"page-templates\/homepage.php","meta":{"footnotes":""},"class_list":["post-16178","page","type-page","status-publish","hentry"],"aioseo_notices":[],"_links":{"self":[{"href":"https:\/\/www.arnoldbottag.ch\/fr\/wp-json\/wp\/v2\/pages\/16178","targetHints":{"allow":["GET"]}}],"collection":[{"href":"https:\/\/www.arnoldbottag.ch\/fr\/wp-json\/wp\/v2\/pages"}],"about":[{"href":"https:\/\/www.arnoldbottag.ch\/fr\/wp-json\/wp\/v2\/types\/page"}],"author":[{"embeddable":true,"href":"https:\/\/www.arnoldbottag.ch\/fr\/wp-json\/wp\/v2\/users\/1"}],"replies":[{"embeddable":true,"href":"https:\/\/www.arnoldbottag.ch\/fr\/wp-json\/wp\/v2\/comments?post=16178"}],"version-history":[{"count":34,"href":"https:\/\/www.arnoldbottag.ch\/fr\/wp-json\/wp\/v2\/pages\/16178\/revisions"}],"predecessor-version":[{"id":18666,"href":"https:\/\/www.arnoldbottag.ch\/fr\/wp-json\/wp\/v2\/pages\/16178\/revisions\/18666"}],"wp:attachment":[{"href":"https:\/\/www.arnoldbottag.ch\/fr\/wp-json\/wp\/v2\/media?parent=16178"}],"curies":[{"name":"wp","href":"https:\/\/api.w.org\/{rel}","templated":true}]}}