{"id":16151,"date":"2022-03-25T16:01:41","date_gmt":"2022-03-25T15:01:41","guid":{"rendered":"https:\/\/www.arnoldbottag.ch\/systemes-de-contenants\/"},"modified":"2023-08-11T15:48:04","modified_gmt":"2023-08-11T13:48:04","slug":"systemes-de-contenants","status":"publish","type":"page","link":"https:\/\/www.arnoldbottag.ch\/fr\/produits\/systemes-de-contenants\/","title":{"rendered":"Syst\u00e8mes de contenants"},"content":{"rendered":"<div class=\"accordion-width\"><style>#sp-ea-16415 .spcollapsing { height: 0; overflow: hidden; transition-property: height;transition-duration: 300ms;}#sp-ea-16415.sp-easy-accordion>.sp-ea-single {margin-bottom: 10px; border: 1px solid #e2e2e2; }#sp-ea-16415.sp-easy-accordion>.sp-ea-single>.ea-header a {color: #444;}#sp-ea-16415.sp-easy-accordion>.sp-ea-single>.sp-collapse>.ea-body {background: #fff; color: #444;}#sp-ea-16415.sp-easy-accordion>.sp-ea-single {background: #ececec;}#sp-ea-16415.sp-easy-accordion>.sp-ea-single>.ea-header a .ea-expand-icon { float: left; color: #444;font-size: 16px;}<\/style><div id=\"sp_easy_accordion-1691761632\"><div id=\"sp-ea-16415\" class=\"sp-ea-one sp-easy-accordion\" data-ea-active=\"ea-click\" data-ea-mode=\"vertical\" data-preloader=\"\" data-scroll-active-item=\"\" data-offset-to-scroll=\"0\"><div class=\"ea-card ea-expand sp-ea-single\"><h3 class=\"ea-header\"><a class=\"collapsed\" id=\"ea-header-164150\" role=\"button\" data-sptoggle=\"spcollapse\" data-sptarget=\"#collapse164150\" aria-controls=\"collapse164150\" href=\"#\" aria-expanded=\"true\" tabindex=\"0\"><i aria-hidden=\"true\" role=\"presentation\" class=\"ea-expand-icon eap-icon-ea-expand-minus\"><\/i> Conteneur ECONOMY-LINE<\/a><\/h3><div class=\"sp-collapse spcollapse collapsed show\" id=\"collapse164150\" role=\"region\" aria-labelledby=\"ea-header-164150\"> <div class=\"ea-body\"><figure><img decoding=\"async\" class=\"alignnone wp-image-14007 size-medium\" src=\"https:\/\/www.arnoldbottag.ch\/wp-content\/uploads\/2022\/03\/E_Standard_ohneSHD_beschriftet-e1650959374901-300x211.jpg\" alt=\"Container ohne Sicherheitsdeckel\" width=\"300\" height=\"211\" srcset=\"https:\/\/www.arnoldbottag.ch\/wp-content\/uploads\/2022\/03\/E_Standard_ohneSHD_beschriftet-e1650959374901-300x211.jpg 300w, https:\/\/www.arnoldbottag.ch\/wp-content\/uploads\/2022\/03\/E_Standard_ohneSHD_beschriftet-e1650959374901-1024x722.jpg 1024w, https:\/\/www.arnoldbottag.ch\/wp-content\/uploads\/2022\/03\/E_Standard_ohneSHD_beschriftet-e1650959374901-768x541.jpg 768w, https:\/\/www.arnoldbottag.ch\/wp-content\/uploads\/2022\/03\/E_Standard_ohneSHD_beschriftet-e1650959374901-1536x1083.jpg 1536w, https:\/\/www.arnoldbottag.ch\/wp-content\/uploads\/2022\/03\/E_Standard_ohneSHD_beschriftet-e1650959374901-2048x1443.jpg 2048w, https:\/\/www.arnoldbottag.ch\/wp-content\/uploads\/2022\/03\/E_Standard_ohneSHD_beschriftet-e1650959374901-1532x1080.jpg 1532w\" sizes=\"(max-width: 300px) 100vw, 300px\" \/><figcaption>Conteneur sans couvercle de s\u00e9curit\u00e9<\/figcaption><\/figure><figure><img decoding=\"async\" class=\"alignnone wp-image-14008 size-medium\" src=\"https:\/\/www.arnoldbottag.ch\/wp-content\/uploads\/2022\/03\/E-Sicherheitsmodell_beschriftet-e1650959453471-300x225.jpg\" alt=\"Container mit Sicherheitsdeckel\" width=\"300\" height=\"225\" srcset=\"https:\/\/www.arnoldbottag.ch\/wp-content\/uploads\/2022\/03\/E-Sicherheitsmodell_beschriftet-e1650959453471-300x225.jpg 300w, https:\/\/www.arnoldbottag.ch\/wp-content\/uploads\/2022\/03\/E-Sicherheitsmodell_beschriftet-e1650959453471-1024x768.jpg 1024w, https:\/\/www.arnoldbottag.ch\/wp-content\/uploads\/2022\/03\/E-Sicherheitsmodell_beschriftet-e1650959453471-768x576.jpg 768w, https:\/\/www.arnoldbottag.ch\/wp-content\/uploads\/2022\/03\/E-Sicherheitsmodell_beschriftet-e1650959453471-1536x1152.jpg 1536w, https:\/\/www.arnoldbottag.ch\/wp-content\/uploads\/2022\/03\/E-Sicherheitsmodell_beschriftet-e1650959453471-1440x1080.jpg 1440w, https:\/\/www.arnoldbottag.ch\/wp-content\/uploads\/2022\/03\/E-Sicherheitsmodell_beschriftet-e1650959453471.jpg 1543w\" sizes=\"(max-width: 300px) 100vw, 300px\" \/><figcaption>Conteneur avec couvercle de s\u00e9curit\u00e9<\/figcaption><\/figure><p><strong>Conteneur ECONOMY-LINE<\/strong><\/p><p>Conteneur de st\u00e9rilisation standard en aluminium, diff\u00e9rentes tailles et variantes.<\/p><p>Diff\u00e9rentes variantes disponibles :<\/p><ul><li>choix entre 6 coloris pour le couvercle<\/li><li>cuves de diff\u00e9rentes tailles et hauteurs<\/li><li>types de filtre: filtre en papier \u00e0 usage unique<\/li><li>filtre en textile pour env. 50 cycles de st\u00e9rilisation<\/li><li>filtre PTFE pour env. 1200 cycles de st\u00e9rilisation<\/li><li>avec ou sans couvercle de s\u00e9curit\u00e9<\/li><\/ul><p>Cela permet de composer des conteneurs de st\u00e9rilisation personnalis\u00e9s et offre une grande latitude pour le choix des filtres.<\/p><p>Autres fonctions du conteneur ECONOMY-LINE :<\/p><ul><li>le porte-filtre s\u2019ins\u00e8re en appuyant simplement sur le milieu du filtre<\/li><li>le couvercle de s\u00e9curit\u00e9 avec bouton d\u2019ouverture externe qui peut \u00eatre mont\u00e9 a posteriori assure une protection suppl\u00e9mentaire contre la contamination lors du transport et de l\u2019entreposage<\/li><li>le syst\u00e8me de fermeture en acier inoxydable conserve durablement sa fonctionnalit\u00e9<\/li><li>la cuve comporte un syst\u00e8me de fermeture \u00e0 ressort sp\u00e9cial qui laisse s\u2019\u00e9chapper la pression en exc\u00e8s<\/li><li>les cuves sont propos\u00e9es avec ou sans fond perfor\u00e9<\/li><li>les poign\u00e9es larges enrob\u00e9es de silicone antid\u00e9rapant permettent de bien maintenir le conteneur<\/li><li>les \u00e9tiquettes disponibles dans 6 coloris peuvent \u00eatre fix\u00e9es dans les deux supports sur la face avant des conteneurs<\/li><li>les conteneurs peuvent \u00eatre rang\u00e9s en piles et permettre ainsi d\u2019\u00e9conomiser de la place<\/li><\/ul><p>Des accessoires, tels que joints, paniers, plombs et \u00e9tiquettes, sont \u00e9galement propos\u00e9s.<\/p><\/div><\/div><\/div><div class=\"ea-card sp-ea-single\"><h3 class=\"ea-header\"><a class=\"collapsed\" id=\"ea-header-164151\" role=\"button\" data-sptoggle=\"spcollapse\" data-sptarget=\"#collapse164151\" aria-controls=\"collapse164151\" href=\"#\" aria-expanded=\"false\" tabindex=\"0\"><i aria-hidden=\"true\" role=\"presentation\" class=\"ea-expand-icon eap-icon-ea-expand-plus\"><\/i> Conteneur PREMIUM-LINE<\/a><\/h3><div class=\"sp-collapse spcollapse \" id=\"collapse164151\" role=\"region\" aria-labelledby=\"ea-header-164151\"> <div class=\"ea-body\"><p><img decoding=\"async\" class=\"alignnone wp-image-13998\" src=\"https:\/\/www.arnoldbottag.ch\/wp-content\/uploads\/2022\/03\/S.-8-9-Bild-groa-mittig-300x187.jpg\" alt=\"PREMIUM-LINE Container\" width=\"265\" height=\"165\" srcset=\"https:\/\/www.arnoldbottag.ch\/wp-content\/uploads\/2022\/03\/S.-8-9-Bild-groa-mittig-300x187.jpg 300w, https:\/\/www.arnoldbottag.ch\/wp-content\/uploads\/2022\/03\/S.-8-9-Bild-groa-mittig-1024x637.jpg 1024w, https:\/\/www.arnoldbottag.ch\/wp-content\/uploads\/2022\/03\/S.-8-9-Bild-groa-mittig-768x478.jpg 768w, https:\/\/www.arnoldbottag.ch\/wp-content\/uploads\/2022\/03\/S.-8-9-Bild-groa-mittig-1536x956.jpg 1536w, https:\/\/www.arnoldbottag.ch\/wp-content\/uploads\/2022\/03\/S.-8-9-Bild-groa-mittig-2048x1275.jpg 2048w, https:\/\/www.arnoldbottag.ch\/wp-content\/uploads\/2022\/03\/S.-8-9-Bild-groa-mittig-1735x1080.jpg 1735w\" sizes=\"(max-width: 265px) 100vw, 265px\" \/><\/p><p><strong>Conteneur PREMIUM-LINE avec couvercle int\u00e9gr\u00e9<\/strong><\/p><p>Conteneur de st\u00e9rilisation standard en aluminium avec couvercle de s\u00e9curit\u00e9 int\u00e9gr\u00e9, 6 coloris diff\u00e9rents.<\/p><p>Diff\u00e9rentes variantes disponibles :<\/p><ul><li>choix entre 6 coloris pour le couvercle<\/li><li>cuves de diff\u00e9rentes tailles et hauteurs<\/li><li>types de filtre: filtre en papier \u00e0 usage unique<\/li><li>filtre en textile pour env. 50 cycles de st\u00e9rilisation<\/li><li>filtre PTFE pour env. 1200 cycles de st\u00e9rilisation<\/li><li>avec couvercle de s\u00e9curit\u00e9 int\u00e9gr\u00e9<\/li><\/ul><p>Cela permet de composer des conteneurs de st\u00e9rilisation personnalis\u00e9s et offre une grande latitude pour le choix des filtres.<\/p><p>Autres fonctions du conteneur de st\u00e9rilisation PREMIUM-LINE :<\/p><ul><li>les poign\u00e9es sont amovibles, pour faciliter le nettoyage<\/li><li>les joint sont coll\u00e9s et peuvent \u00eatre remplac\u00e9s sans outils<\/li><li>des pointes renforc\u00e9es \u00e0 l\u2019int\u00e9rieur du couvercle garantissent l\u2019utilisation durable du porte-filtre<\/li><li>le porte-filtre s\u2019ins\u00e8re en appuyant simplement sur le milieu du filtre<\/li><li>le syst\u00e8me de fermeture en acier inoxydable conserve durablement sa fonctionnalit\u00e9<\/li><li>la cuve comporte un syst\u00e8me de fermeture \u00e0 ressort sp\u00e9cial qui laisse s\u2019\u00e9chapper la pression en exc\u00e8s<\/li><li>les cuves sont propos\u00e9es avec ou sans fond perfor\u00e9<\/li><li>les \u00e9tiquettes disponibles dans 6 coloris peuvent \u00eatre fix\u00e9es dans les deux supports sur la face avant des conteneurs<\/li><li>les poign\u00e9es larges enrob\u00e9es de silicone antid\u00e9rapant permettent de bien maintenir le conteneur<\/li><li>les conteneurs peuvent \u00eatre rang\u00e9s en piles et permettre ainsi d\u2019\u00e9conomiser de la place<\/li><\/ul><p>Des accessoires, tels que joints, paniers, plombs et \u00e9tiquettes, sont \u00e9galement propos\u00e9s.<\/p><\/div><\/div><\/div><div class=\"ea-card sp-ea-single\"><h3 class=\"ea-header\"><a class=\"collapsed\" id=\"ea-header-164152\" role=\"button\" data-sptoggle=\"spcollapse\" data-sptarget=\"#collapse164152\" aria-controls=\"collapse164152\" href=\"#\" aria-expanded=\"false\" tabindex=\"0\"><i aria-hidden=\"true\" role=\"presentation\" class=\"ea-expand-icon eap-icon-ea-expand-plus\"><\/i> Conteneur de st\u00e9rilisation combin\u00e9 ECONOMY &amp; PREMIUM-LINE<\/a><\/h3><div class=\"sp-collapse spcollapse \" id=\"collapse164152\" role=\"region\" aria-labelledby=\"ea-header-164152\"> <div class=\"ea-body\"><p><img decoding=\"async\" class=\"alignnone size-medium wp-image-14000\" src=\"https:\/\/www.arnoldbottag.ch\/wp-content\/uploads\/2022\/03\/S.-16-Zeile1-Bild1_klein-300x200.jpg\" alt=\"ECONOMY &amp; PREMIUM-LINE Kombi-Sterilisationscontainer\" width=\"300\" height=\"200\" srcset=\"https:\/\/www.arnoldbottag.ch\/wp-content\/uploads\/2022\/03\/S.-16-Zeile1-Bild1_klein-300x200.jpg 300w, https:\/\/www.arnoldbottag.ch\/wp-content\/uploads\/2022\/03\/S.-16-Zeile1-Bild1_klein-1024x683.jpg 1024w, https:\/\/www.arnoldbottag.ch\/wp-content\/uploads\/2022\/03\/S.-16-Zeile1-Bild1_klein-768x512.jpg 768w, https:\/\/www.arnoldbottag.ch\/wp-content\/uploads\/2022\/03\/S.-16-Zeile1-Bild1_klein-1536x1024.jpg 1536w, https:\/\/www.arnoldbottag.ch\/wp-content\/uploads\/2022\/03\/S.-16-Zeile1-Bild1_klein-2048x1365.jpg 2048w, https:\/\/www.arnoldbottag.ch\/wp-content\/uploads\/2022\/03\/S.-16-Zeile1-Bild1_klein-1620x1080.jpg 1620w\" sizes=\"(max-width: 300px) 100vw, 300px\" \/><img decoding=\"async\" class=\"alignnone size-medium wp-image-13993\" src=\"https:\/\/www.arnoldbottag.ch\/wp-content\/uploads\/2022\/03\/S.-14-Zeile1-Bild1-300x200.jpg\" alt=\"ECONOMY &amp; PREMIUM-LINE Kombi-Sterilisationscontainer\" width=\"300\" height=\"200\" srcset=\"https:\/\/www.arnoldbottag.ch\/wp-content\/uploads\/2022\/03\/S.-14-Zeile1-Bild1-300x200.jpg 300w, https:\/\/www.arnoldbottag.ch\/wp-content\/uploads\/2022\/03\/S.-14-Zeile1-Bild1-1024x683.jpg 1024w, https:\/\/www.arnoldbottag.ch\/wp-content\/uploads\/2022\/03\/S.-14-Zeile1-Bild1-768x512.jpg 768w\" sizes=\"(max-width: 300px) 100vw, 300px\" \/><\/p><p>Diff\u00e9rences entre les conteneurs de st\u00e9rilisation standard et les conteneurs combin\u00e9s :<\/p><p>couvercle de s\u00e9curit\u00e9 int\u00e9gr\u00e9 avec s\u00e9lection des 3 types de filtre :<\/p><ul><li>filtre PTFE pour env. 5200 cycles de st\u00e9rilisation<\/li><li>filtre barri\u00e8re pouvant \u00eatre st\u00e9rilis\u00e9 ind\u00e9finiment et ne n\u00e9cessitant aucun entretien<\/li><li>filtre \u00e0 valve pouvant \u00eatre st\u00e9rilis\u00e9 ind\u00e9finiment et ne n\u00e9cessitant aucun entretien<\/li><\/ul><p>Disponible dans 2 variantes :<\/p><ul><li>couvercle de s\u00e9curit\u00e9 et cassette de filtre en plastique, la variante \u00e9conomique<\/li><li>couvercle de s\u00e9curit\u00e9 et cassette de filtre en aluminium, la variante durable<\/li><\/ul><p>Disponibles dans diff\u00e9rentes tailles et hauteurs, 6 coloris au choix (argent\u00e9, jaune, rouge, bleu, vert et noir)<\/p><\/div><\/div><\/div><div class=\"ea-card sp-ea-single\"><h3 class=\"ea-header\"><a class=\"collapsed\" id=\"ea-header-164153\" role=\"button\" data-sptoggle=\"spcollapse\" data-sptarget=\"#collapse164153\" aria-controls=\"collapse164153\" href=\"#\" aria-expanded=\"false\" tabindex=\"0\"><i aria-hidden=\"true\" role=\"presentation\" class=\"ea-expand-icon eap-icon-ea-expand-plus\"><\/i> Accessoires pour conteneurs<\/a><\/h3><div class=\"sp-collapse spcollapse \" id=\"collapse164153\" role=\"region\" aria-labelledby=\"ea-header-164153\"> <div class=\"ea-body\"><p><img decoding=\"async\" class=\"alignnone size-medium wp-image-14009\" src=\"https:\/\/www.arnoldbottag.ch\/wp-content\/uploads\/2022\/03\/07-0450-300x150.jpg\" alt=\"Edelstahl- und Drahtsiebk\u00f6rbe\" width=\"300\" height=\"150\" srcset=\"https:\/\/www.arnoldbottag.ch\/wp-content\/uploads\/2022\/03\/07-0450-300x150.jpg 300w, https:\/\/www.arnoldbottag.ch\/wp-content\/uploads\/2022\/03\/07-0450-768x383.jpg 768w, https:\/\/www.arnoldbottag.ch\/wp-content\/uploads\/2022\/03\/07-0450.jpg 830w\" sizes=\"(max-width: 300px) 100vw, 300px\" \/> <img decoding=\"async\" class=\"alignnone size-medium wp-image-14010\" src=\"https:\/\/www.arnoldbottag.ch\/wp-content\/uploads\/2022\/03\/07-0630-300x194.jpg\" alt=\"Edelstahl- und Drahtsiebk\u00f6rbe\" width=\"300\" height=\"194\" srcset=\"https:\/\/www.arnoldbottag.ch\/wp-content\/uploads\/2022\/03\/07-0630-300x194.jpg 300w, https:\/\/www.arnoldbottag.ch\/wp-content\/uploads\/2022\/03\/07-0630-1024x661.jpg 1024w, https:\/\/www.arnoldbottag.ch\/wp-content\/uploads\/2022\/03\/07-0630-768x496.jpg 768w, https:\/\/www.arnoldbottag.ch\/wp-content\/uploads\/2022\/03\/07-0630.jpg 1398w\" sizes=\"(max-width: 300px) 100vw, 300px\" \/><\/p><p>Paniers en inox et corbeilles pour conteneurs de st\u00e9rilisation standard et combin\u00e9s pour prot\u00e9ger les instruments.<\/p><p>Des cuves sp\u00e9ciales sont \u00e9galement propos\u00e9es pour les instruments longs ou larges et les petits instruments (voir le catalogue).<\/p><p><i class=\"fa fa-file \" ><\/i> <a href=\"https:\/\/www.arnoldbottag.ch\/wp-content\/uploads\/2022\/03\/Sterilization_Container_System_18-167_11-18_g.pdf\" target=\"_blank\" rel=\"noopener\">Syst\u00e8mes de contenants LAWTON<\/a><\/p><\/div><\/div><\/div><\/div><\/div><\/div>","protected":false},"excerpt":{"rendered":"","protected":false},"author":1,"featured_media":0,"parent":16273,"menu_order":0,"comment_status":"closed","ping_status":"closed","template":"","meta":{"footnotes":""},"class_list":["post-16151","page","type-page","status-publish","hentry"],"aioseo_notices":[],"_links":{"self":[{"href":"https:\/\/www.arnoldbottag.ch\/fr\/wp-json\/wp\/v2\/pages\/16151","targetHints":{"allow":["GET"]}}],"collection":[{"href":"https:\/\/www.arnoldbottag.ch\/fr\/wp-json\/wp\/v2\/pages"}],"about":[{"href":"https:\/\/www.arnoldbottag.ch\/fr\/wp-json\/wp\/v2\/types\/page"}],"author":[{"embeddable":true,"href":"https:\/\/www.arnoldbottag.ch\/fr\/wp-json\/wp\/v2\/users\/1"}],"replies":[{"embeddable":true,"href":"https:\/\/www.arnoldbottag.ch\/fr\/wp-json\/wp\/v2\/comments?post=16151"}],"version-history":[{"count":2,"href":"https:\/\/www.arnoldbottag.ch\/fr\/wp-json\/wp\/v2\/pages\/16151\/revisions"}],"predecessor-version":[{"id":16416,"href":"https:\/\/www.arnoldbottag.ch\/fr\/wp-json\/wp\/v2\/pages\/16151\/revisions\/16416"}],"up":[{"embeddable":true,"href":"https:\/\/www.arnoldbottag.ch\/fr\/wp-json\/wp\/v2\/pages\/16273"}],"wp:attachment":[{"href":"https:\/\/www.arnoldbottag.ch\/fr\/wp-json\/wp\/v2\/media?parent=16151"}],"curies":[{"name":"wp","href":"https:\/\/api.w.org\/{rel}","templated":true}]}}