{"id":16148,"date":"2021-09-30T09:52:36","date_gmt":"2021-09-30T07:52:36","guid":{"rendered":"https:\/\/www.arnoldbottag.ch\/instruments-de-chirurgie\/"},"modified":"2023-08-16T10:51:51","modified_gmt":"2023-08-16T08:51:51","slug":"instruments-de-chirurgie","status":"publish","type":"page","link":"https:\/\/www.arnoldbottag.ch\/fr\/produits\/instruments-de-chirurgie\/","title":{"rendered":"Instruments de chirurgie"},"content":{"rendered":"<div id=\"portfolio-1\" class=\"portfolio-5 content-section content-section-spacing\" style=\"background-color: #ffffff;\" data-label=\"Portfolio\" data-id=\"portfolio--1\" data-export-id=\"portfolio-5\" data-category=\"portfolio\">\n<div class=\"gridContainer\">\n<div class=\"row text-center\">\n<div class=\"section-title-col\" data-type=\"column\">\n<p class=\"lead\">Dans cette cat\u00e9gorie, vous trouverez des instruments standard tels que des pinces \u00e0 clamper, des pinces et des ciseaux r\u00e9utilisables, mais aussi divers instruments de chirurgie pour le bloc op\u00e9ratoire.<\/p>\n\n<\/div>\n<\/div>\n<div class=\"row space-bottom spaced-cols\" data-type=\"row\">\n<div class=\"col-xs-12 col-sm-4 text-center\">\n<div class=\"card no-padding bordered\">\n<div class=\"contentswap-effect\" data-hover-fx=\"portfolio-6\">\n<div class=\"initial-image\"><img decoding=\"async\" src=\"https:\/\/www.arnoldbottag.ch\/wp-content\/uploads\/2021\/09\/tn_scheren_anim.jpeg\" data-size=\"500x333\" \/><\/div>\n<div class=\"overlay bg-color6\"><\/div>\n<div class=\"swap-inner col-xs-12\">\n<div class=\"row full-height-row middle-xs middle-sm\">\n<div class=\"col-xs-12 text-center content-holder\"><a class=\"button small color1\" href=\"\/?page_id=16274\" target=\"_self\" rel=\"noopener\" data-cp-link=\"1\" data-icon=\"\">En savoir plus<\/a><\/div>\n<\/div>\n<\/div>\n<\/div>\n<div class=\"col-xs-12\">\n<div class=\"space-bottom space-top\" data-type=\"column\">\n<h3 class=\"\"><span style=\"font-weight: 400;\"><a href=\"\/?page_id=16274\" target=\"_self\" rel=\"noopener\" data-cp-link=\"1\"><span style=\"color: #ffffff;\">Instruments standard<\/span><\/a><\/span><\/h3>\n<p class=\"\"><span style=\"font-weight: 300;\">Dans ce chapitre, nous vous pr\u00e9sentons les instruments de chirurgie les plus courants, comme les pinces, les pinces \u00e0 clamper, les ciseaux, les pinces \u00e0 pr\u00e9hension et les porte-aiguilles. \u00a0<\/span><\/p>\n\n<\/div>\n<\/div>\n<\/div>\n<\/div>\n<div class=\"col-xs-12 col-sm-4 text-center\">\n<div class=\"card no-padding bordered\">\n<div class=\"contentswap-effect\" data-hover-fx=\"portfolio-6\">\n<div class=\"initial-image\"><img decoding=\"async\" src=\"https:\/\/www.arnoldbottag.ch\/wp-content\/uploads\/2022\/03\/Uebersicht_Mikro-1.jpg\" data-size=\"500x333\" \/><\/div>\n<div class=\"overlay bg-color6\"><\/div>\n<div class=\"swap-inner col-xs-12\">\n<div class=\"row full-height-row middle-xs middle-sm\">\n<div class=\"col-xs-12 text-center content-holder\"><a class=\"button small color1\" href=\"\/?page_id=16206\" target=\"_self\" rel=\"noopener\" data-cp-link=\"1\" data-icon=\"\">En savoir plus<\/a><\/div>\n<\/div>\n<\/div>\n<\/div>\n<div class=\"col-xs-12\">\n<div class=\"space-bottom space-top\" data-type=\"column\">\n<div class=\"\"><\/div>\n<div class=\"\"><\/div>\n<h3 class=\"\"><a href=\"\/?page_id=16206\" target=\"_self\" rel=\"noopener\" data-cp-link=\"1\"><span style=\"font-weight: 500; color: #ffffff;\">Instruments de microchirurgie<\/span><\/a><\/h3>\n<p class=\"\"><span style=\"font-weight: 300;\">S&amp;T est pr\u00e9sent sur la plupart des march\u00e9s de la microchirurgie par le biais de ses gammes de produits de haute qualit\u00e9, en particulier les pinces, les ciseaux, les pinces h\u00e9mostatiques, les porte-aiguilles et les instruments sp\u00e9ciaux. <\/span><\/p>\n\n<\/div>\n<\/div>\n<\/div>\n<\/div>\n<div class=\"col-xs-12 col-sm-4 text-center\">\n<div class=\"card no-padding bordered\">\n<div class=\"contentswap-effect\" data-hover-fx=\"portfolio-6\">\n<div class=\"initial-image\"><img decoding=\"async\" src=\"https:\/\/www.arnoldbottag.ch\/wp-content\/uploads\/2022\/03\/Uebersicht_Einweginstrumente.jpg\" data-size=\"500x333\" \/><\/div>\n<div class=\"overlay bg-color6\"><\/div>\n<div class=\"swap-inner col-xs-12\">\n<div class=\"row full-height-row middle-xs middle-sm\">\n<div class=\"col-xs-12 text-center content-holder\"><a class=\"button small color1\" href=\"\/?page_id=16168\" target=\"_self\" rel=\"noopener\" data-cp-link=\"1\" data-icon=\"\">En savoir plus<\/a><\/div>\n<\/div>\n<\/div>\n<\/div>\n<div class=\"col-xs-12\">\n<div class=\"space-bottom space-top\" data-type=\"column\">\n<h3 class=\"\"><a href=\"\/?page_id=16168\" target=\"_self\" rel=\"noopener\" data-cp-link=\"1\"><span style=\"font-weight: 500; color: #ffffff;\">Instruments \u00e0 usage unique<\/span><\/a><\/h3>\n<p class=\"\"><span style=\"font-weight: 300;\">L\u2019utilisation en m\u00e9decine et en chirurgie d\u2019instruments \u00e0 usage unique permet d\u2019exclure le risque de transmission d\u2019infections due \u00e0 des instruments mal retrait\u00e9s. De plus, les instruments sont en r\u00e8gle g\u00e9n\u00e9rale livr\u00e9s en emballage individuel st\u00e9rile et sont donc imm\u00e9diatement utilisables.<\/span><\/p>\n\n<\/div>\n<\/div>\n<\/div>\n<\/div>\n<\/div>\n<div class=\"row\">\n<div class=\"col-xs-12 text-center\" data-type=\"column\"><\/div>\n<\/div>\n<\/div>\n<\/div>","protected":false},"excerpt":{"rendered":"<p>Dans cette cat\u00e9gorie, vous trouverez des instruments standard tels que des pinces \u00e0 clamper, des pinces et des ciseaux r\u00e9utilisables, mais aussi divers instruments de chirurgie pour le bloc op\u00e9ratoire. En savoir plus Instruments standard Dans ce chapitre, nous vous pr\u00e9sentons les instruments de chirurgie les plus courants, comme les pinces, les pinces \u00e0 clamper,&hellip; <br \/> <a class=\"read-more\" href=\"https:\/\/www.arnoldbottag.ch\/fr\/produits\/instruments-de-chirurgie\/\">Lire la suite<\/a><\/p>\n","protected":false},"author":1,"featured_media":0,"parent":16273,"menu_order":0,"comment_status":"closed","ping_status":"closed","template":"pro\/page-templates\/full-width-page.php","meta":{"footnotes":""},"class_list":["post-16148","page","type-page","status-publish","hentry"],"aioseo_notices":[],"_links":{"self":[{"href":"https:\/\/www.arnoldbottag.ch\/fr\/wp-json\/wp\/v2\/pages\/16148","targetHints":{"allow":["GET"]}}],"collection":[{"href":"https:\/\/www.arnoldbottag.ch\/fr\/wp-json\/wp\/v2\/pages"}],"about":[{"href":"https:\/\/www.arnoldbottag.ch\/fr\/wp-json\/wp\/v2\/types\/page"}],"author":[{"embeddable":true,"href":"https:\/\/www.arnoldbottag.ch\/fr\/wp-json\/wp\/v2\/users\/1"}],"replies":[{"embeddable":true,"href":"https:\/\/www.arnoldbottag.ch\/fr\/wp-json\/wp\/v2\/comments?post=16148"}],"version-history":[{"count":22,"href":"https:\/\/www.arnoldbottag.ch\/fr\/wp-json\/wp\/v2\/pages\/16148\/revisions"}],"predecessor-version":[{"id":16612,"href":"https:\/\/www.arnoldbottag.ch\/fr\/wp-json\/wp\/v2\/pages\/16148\/revisions\/16612"}],"up":[{"embeddable":true,"href":"https:\/\/www.arnoldbottag.ch\/fr\/wp-json\/wp\/v2\/pages\/16273"}],"wp:attachment":[{"href":"https:\/\/www.arnoldbottag.ch\/fr\/wp-json\/wp\/v2\/media?parent=16148"}],"curies":[{"name":"wp","href":"https:\/\/api.w.org\/{rel}","templated":true}]}}